{"id":8,"date":"2022-03-10T15:28:17","date_gmt":"2022-03-10T14:28:17","guid":{"rendered":"https:\/\/blog.unifr.ch\/endeveloppement\/?page_id=8"},"modified":"2025-08-14T17:05:06","modified_gmt":"2025-08-14T15:05:06","slug":"en-developpement-3","status":"publish","type":"page","link":"https:\/\/blog.unifr.ch\/une-autre-ecole-est-possible\/","title":{"rendered":"Accueil"},"content":{"rendered":"<p><img loading=\"lazy\" decoding=\"async\" class=\"alignnone wp-image-217\" src=\"https:\/\/blog.unifr.ch\/une-autre-ecole-est-possible\/wp-content\/uploads\/sites\/18\/2023\/10\/mains-pres-du-cadre-couleurs-dans-bols-entre-couleurs-vives-seches-scaled.jpg\" alt=\"\" width=\"641\" height=\"427\" srcset=\"https:\/\/blog.unifr.ch\/une-autre-ecole-est-possible\/wp-content\/uploads\/2023\/10\/mains-pres-du-cadre-couleurs-dans-bols-entre-couleurs-vives-seches-scaled.jpg 2560w, https:\/\/blog.unifr.ch\/une-autre-ecole-est-possible\/wp-content\/uploads\/2023\/10\/mains-pres-du-cadre-couleurs-dans-bols-entre-couleurs-vives-seches-768x512.jpg 768w, https:\/\/blog.unifr.ch\/une-autre-ecole-est-possible\/wp-content\/uploads\/2023\/10\/mains-pres-du-cadre-couleurs-dans-bols-entre-couleurs-vives-seches-1536x1024.jpg 1536w, https:\/\/blog.unifr.ch\/une-autre-ecole-est-possible\/wp-content\/uploads\/2023\/10\/mains-pres-du-cadre-couleurs-dans-bols-entre-couleurs-vives-seches-2048x1365.jpg 2048w, https:\/\/blog.unifr.ch\/une-autre-ecole-est-possible\/wp-content\/uploads\/2023\/10\/mains-pres-du-cadre-couleurs-dans-bols-entre-couleurs-vives-seches-300x200.jpg 300w, https:\/\/blog.unifr.ch\/une-autre-ecole-est-possible\/wp-content\/uploads\/2023\/10\/mains-pres-du-cadre-couleurs-dans-bols-entre-couleurs-vives-seches-600x400.jpg 600w, https:\/\/blog.unifr.ch\/une-autre-ecole-est-possible\/wp-content\/uploads\/2023\/10\/mains-pres-du-cadre-couleurs-dans-bols-entre-couleurs-vives-seches-1200x800.jpg 1200w\" sizes=\"auto, (max-width: 641px) 100vw, 641px\" \/><\/p>\n","protected":false},"excerpt":{"rendered":"","protected":false},"author":17,"featured_media":217,"parent":0,"menu_order":0,"comment_status":"closed","ping_status":"closed","template":"","meta":{"_acf_changed":false,"footnotes":""},"class_list":["post-8","page","type-page","status-publish","has-post-thumbnail","hentry"],"acf":[],"yoast_head":"<!-- This site is optimized with the Yoast SEO plugin v25.6 - https:\/\/yoast.com\/wordpress\/plugins\/seo\/ -->\n<title>Accueil - Une autre \u00e9cole est possible<\/title>\n<meta name=\"description\" content=\"Un blog destin\u00e9 \u00e0 toute personne curieuse et int\u00e9ress\u00e9e par les th\u00e8mes li\u00e9s \u00e0 l&#039;\u00e9cole, l&#039;\u00e9ducation et au d\u00e9veloppement de la personne\" \/>\n<meta name=\"robots\" content=\"index, follow, max-snippet:-1, max-image-preview:large, max-video-preview:-1\" \/>\n<link rel=\"canonical\" href=\"https:\/\/blog.unifr.ch\/une-autre-ecole-est-possible\/\" \/>\n<meta property=\"og:locale\" content=\"fr_FR\" \/>\n<meta property=\"og:type\" content=\"article\" \/>\n<meta property=\"og:title\" content=\"Accueil - Une autre \u00e9cole est possible\" \/>\n<meta property=\"og:description\" content=\"Un blog destin\u00e9 \u00e0 toute personne curieuse et int\u00e9ress\u00e9e par les th\u00e8mes li\u00e9s \u00e0 l&#039;\u00e9cole, l&#039;\u00e9ducation et au d\u00e9veloppement de la personne\" \/>\n<meta property=\"og:url\" content=\"https:\/\/blog.unifr.ch\/une-autre-ecole-est-possible\/\" \/>\n<meta property=\"og:site_name\" content=\"Une autre \u00e9cole est possible\" \/>\n<meta property=\"article:modified_time\" content=\"2025-08-14T15:05:06+00:00\" \/>\n<meta property=\"og:image\" content=\"https:\/\/blog.unifr.ch\/une-autre-ecole-est-possible\/wp-content\/uploads\/2023\/10\/mains-pres-du-cadre-couleurs-dans-bols-entre-couleurs-vives-seches-scaled.jpg\" \/>\n\t<meta property=\"og:image:width\" content=\"2560\" \/>\n\t<meta property=\"og:image:height\" content=\"1707\" \/>\n\t<meta property=\"og:image:type\" content=\"image\/jpeg\" \/>\n<meta name=\"twitter:card\" content=\"summary_large_image\" \/>\n<meta name=\"twitter:label1\" content=\"Dur\u00e9e de lecture estim\u00e9e\" \/>\n\t<meta name=\"twitter:data1\" content=\"1 minute\" \/>\n<script type=\"application\/ld+json\" class=\"yoast-schema-graph\">{\"@context\":\"https:\/\/schema.org\",\"@graph\":[{\"@type\":\"WebPage\",\"@id\":\"https:\/\/blog.unifr.ch\/une-autre-ecole-est-possible\/\",\"url\":\"https:\/\/blog.unifr.ch\/une-autre-ecole-est-possible\/\",\"name\":\"Accueil - Une autre \u00e9cole est possible\",\"isPartOf\":{\"@id\":\"https:\/\/blog.unifr.ch\/une-autre-ecole-est-possible\/#website\"},\"primaryImageOfPage\":{\"@id\":\"https:\/\/blog.unifr.ch\/une-autre-ecole-est-possible\/#primaryimage\"},\"image\":{\"@id\":\"https:\/\/blog.unifr.ch\/une-autre-ecole-est-possible\/#primaryimage\"},\"thumbnailUrl\":\"https:\/\/blog.unifr.ch\/une-autre-ecole-est-possible\/wp-content\/uploads\/2023\/10\/mains-pres-du-cadre-couleurs-dans-bols-entre-couleurs-vives-seches-scaled.jpg\",\"datePublished\":\"2022-03-10T14:28:17+00:00\",\"dateModified\":\"2025-08-14T15:05:06+00:00\",\"description\":\"Un blog destin\u00e9 \u00e0 toute personne curieuse et int\u00e9ress\u00e9e par les th\u00e8mes li\u00e9s \u00e0 l'\u00e9cole, l'\u00e9ducation et au d\u00e9veloppement de la personne\",\"breadcrumb\":{\"@id\":\"https:\/\/blog.unifr.ch\/une-autre-ecole-est-possible\/#breadcrumb\"},\"inLanguage\":\"fr-FR\",\"potentialAction\":[{\"@type\":\"ReadAction\",\"target\":[\"https:\/\/blog.unifr.ch\/une-autre-ecole-est-possible\/\"]}]},{\"@type\":\"ImageObject\",\"inLanguage\":\"fr-FR\",\"@id\":\"https:\/\/blog.unifr.ch\/une-autre-ecole-est-possible\/#primaryimage\",\"url\":\"https:\/\/blog.unifr.ch\/une-autre-ecole-est-possible\/wp-content\/uploads\/2023\/10\/mains-pres-du-cadre-couleurs-dans-bols-entre-couleurs-vives-seches-scaled.jpg\",\"contentUrl\":\"https:\/\/blog.unifr.ch\/une-autre-ecole-est-possible\/wp-content\/uploads\/2023\/10\/mains-pres-du-cadre-couleurs-dans-bols-entre-couleurs-vives-seches-scaled.jpg\",\"width\":2560,\"height\":1707},{\"@type\":\"BreadcrumbList\",\"@id\":\"https:\/\/blog.unifr.ch\/une-autre-ecole-est-possible\/#breadcrumb\",\"itemListElement\":[{\"@type\":\"ListItem\",\"position\":1,\"name\":\"Accueil\",\"item\":\"https:\/\/blog.unifr.ch\/une-autre-ecole-est-possible\/\"},{\"@type\":\"ListItem\",\"position\":2,\"name\":\"Accueil\"}]},{\"@type\":\"WebSite\",\"@id\":\"https:\/\/blog.unifr.ch\/une-autre-ecole-est-possible\/#website\",\"url\":\"https:\/\/blog.unifr.ch\/une-autre-ecole-est-possible\/\",\"name\":\"Une autre \u00e9cole est possible\",\"description\":\"Un blog destin\u00e9 \u00e0 toute personne int\u00e9ress\u00e9e par l&#039;\u00e9ducation inclusive et le d\u00e9veloppement de la personne\",\"potentialAction\":[{\"@type\":\"SearchAction\",\"target\":{\"@type\":\"EntryPoint\",\"urlTemplate\":\"https:\/\/blog.unifr.ch\/une-autre-ecole-est-possible\/?s={search_term_string}\"},\"query-input\":{\"@type\":\"PropertyValueSpecification\",\"valueRequired\":true,\"valueName\":\"search_term_string\"}}],\"inLanguage\":\"fr-FR\"}]}<\/script>\n<!-- \/ Yoast SEO plugin. -->","yoast_head_json":{"title":"Accueil - Une autre \u00e9cole est possible","description":"Un blog destin\u00e9 \u00e0 toute personne curieuse et int\u00e9ress\u00e9e par les th\u00e8mes li\u00e9s \u00e0 l'\u00e9cole, l'\u00e9ducation et au d\u00e9veloppement de la personne","robots":{"index":"index","follow":"follow","max-snippet":"max-snippet:-1","max-image-preview":"max-image-preview:large","max-video-preview":"max-video-preview:-1"},"canonical":"https:\/\/blog.unifr.ch\/une-autre-ecole-est-possible\/","og_locale":"fr_FR","og_type":"article","og_title":"Accueil - Une autre \u00e9cole est possible","og_description":"Un blog destin\u00e9 \u00e0 toute personne curieuse et int\u00e9ress\u00e9e par les th\u00e8mes li\u00e9s \u00e0 l'\u00e9cole, l'\u00e9ducation et au d\u00e9veloppement de la personne","og_url":"https:\/\/blog.unifr.ch\/une-autre-ecole-est-possible\/","og_site_name":"Une autre \u00e9cole est possible","article_modified_time":"2025-08-14T15:05:06+00:00","og_image":[{"width":2560,"height":1707,"url":"https:\/\/blog.unifr.ch\/une-autre-ecole-est-possible\/wp-content\/uploads\/2023\/10\/mains-pres-du-cadre-couleurs-dans-bols-entre-couleurs-vives-seches-scaled.jpg","type":"image\/jpeg"}],"twitter_card":"summary_large_image","twitter_misc":{"Dur\u00e9e de lecture estim\u00e9e":"1 minute"},"schema":{"@context":"https:\/\/schema.org","@graph":[{"@type":"WebPage","@id":"https:\/\/blog.unifr.ch\/une-autre-ecole-est-possible\/","url":"https:\/\/blog.unifr.ch\/une-autre-ecole-est-possible\/","name":"Accueil - Une autre \u00e9cole est possible","isPartOf":{"@id":"https:\/\/blog.unifr.ch\/une-autre-ecole-est-possible\/#website"},"primaryImageOfPage":{"@id":"https:\/\/blog.unifr.ch\/une-autre-ecole-est-possible\/#primaryimage"},"image":{"@id":"https:\/\/blog.unifr.ch\/une-autre-ecole-est-possible\/#primaryimage"},"thumbnailUrl":"https:\/\/blog.unifr.ch\/une-autre-ecole-est-possible\/wp-content\/uploads\/2023\/10\/mains-pres-du-cadre-couleurs-dans-bols-entre-couleurs-vives-seches-scaled.jpg","datePublished":"2022-03-10T14:28:17+00:00","dateModified":"2025-08-14T15:05:06+00:00","description":"Un blog destin\u00e9 \u00e0 toute personne curieuse et int\u00e9ress\u00e9e par les th\u00e8mes li\u00e9s \u00e0 l'\u00e9cole, l'\u00e9ducation et au d\u00e9veloppement de la personne","breadcrumb":{"@id":"https:\/\/blog.unifr.ch\/une-autre-ecole-est-possible\/#breadcrumb"},"inLanguage":"fr-FR","potentialAction":[{"@type":"ReadAction","target":["https:\/\/blog.unifr.ch\/une-autre-ecole-est-possible\/"]}]},{"@type":"ImageObject","inLanguage":"fr-FR","@id":"https:\/\/blog.unifr.ch\/une-autre-ecole-est-possible\/#primaryimage","url":"https:\/\/blog.unifr.ch\/une-autre-ecole-est-possible\/wp-content\/uploads\/2023\/10\/mains-pres-du-cadre-couleurs-dans-bols-entre-couleurs-vives-seches-scaled.jpg","contentUrl":"https:\/\/blog.unifr.ch\/une-autre-ecole-est-possible\/wp-content\/uploads\/2023\/10\/mains-pres-du-cadre-couleurs-dans-bols-entre-couleurs-vives-seches-scaled.jpg","width":2560,"height":1707},{"@type":"BreadcrumbList","@id":"https:\/\/blog.unifr.ch\/une-autre-ecole-est-possible\/#breadcrumb","itemListElement":[{"@type":"ListItem","position":1,"name":"Accueil","item":"https:\/\/blog.unifr.ch\/une-autre-ecole-est-possible\/"},{"@type":"ListItem","position":2,"name":"Accueil"}]},{"@type":"WebSite","@id":"https:\/\/blog.unifr.ch\/une-autre-ecole-est-possible\/#website","url":"https:\/\/blog.unifr.ch\/une-autre-ecole-est-possible\/","name":"Une autre \u00e9cole est possible","description":"Un blog destin\u00e9 \u00e0 toute personne int\u00e9ress\u00e9e par l&#039;\u00e9ducation inclusive et le d\u00e9veloppement de la personne","potentialAction":[{"@type":"SearchAction","target":{"@type":"EntryPoint","urlTemplate":"https:\/\/blog.unifr.ch\/une-autre-ecole-est-possible\/?s={search_term_string}"},"query-input":{"@type":"PropertyValueSpecification","valueRequired":true,"valueName":"search_term_string"}}],"inLanguage":"fr-FR"}]}},"_links":{"self":[{"href":"https:\/\/blog.unifr.ch\/une-autre-ecole-est-possible\/wp-json\/wp\/v2\/pages\/8","targetHints":{"allow":["GET"]}}],"collection":[{"href":"https:\/\/blog.unifr.ch\/une-autre-ecole-est-possible\/wp-json\/wp\/v2\/pages"}],"about":[{"href":"https:\/\/blog.unifr.ch\/une-autre-ecole-est-possible\/wp-json\/wp\/v2\/types\/page"}],"author":[{"embeddable":true,"href":"https:\/\/blog.unifr.ch\/une-autre-ecole-est-possible\/wp-json\/wp\/v2\/users\/17"}],"replies":[{"embeddable":true,"href":"https:\/\/blog.unifr.ch\/une-autre-ecole-est-possible\/wp-json\/wp\/v2\/comments?post=8"}],"version-history":[{"count":129,"href":"https:\/\/blog.unifr.ch\/une-autre-ecole-est-possible\/wp-json\/wp\/v2\/pages\/8\/revisions"}],"predecessor-version":[{"id":295,"href":"https:\/\/blog.unifr.ch\/une-autre-ecole-est-possible\/wp-json\/wp\/v2\/pages\/8\/revisions\/295"}],"wp:featuredmedia":[{"embeddable":true,"href":"https:\/\/blog.unifr.ch\/une-autre-ecole-est-possible\/wp-json\/wp\/v2\/media\/217"}],"wp:attachment":[{"href":"https:\/\/blog.unifr.ch\/une-autre-ecole-est-possible\/wp-json\/wp\/v2\/media?parent=8"}],"curies":[{"name":"wp","href":"https:\/\/api.w.org\/{rel}","templated":true}]}}